{"id":132,"date":"2007-10-20T15:32:38","date_gmt":"2007-10-20T13:32:38","guid":{"rendered":"http:\/\/www.enezeta.com\/zapateces\/?page_id=132"},"modified":"2016-05-10T16:20:01","modified_gmt":"2016-05-10T14:20:01","slug":"el-autor","status":"publish","type":"page","link":"https:\/\/www.enezeta.com\/zapateces\/el-autor\/","title":{"rendered":"EL AUTOR"},"content":{"rendered":"<p>Zapa es el nombre con el que se conoce al autor de este blog. Diplomado en Magisterio de Educaci\u00f3n Primaria por la Universidad de Barcelona y Licenciado en Comunicaci\u00f3n Audiovisual por la Universitat Pompeu Fabra, tiene pues sobradas dotes para la divulgaci\u00f3n del conocimiento tecnol\u00f3gico y audiovisual, que es su preferido.<\/p>\n<p>Su afici\u00f3n por la tecnolog\u00ed\u00ada empez\u00f3 de muy peque\u00f1o y como la gran mayor\u00ed\u00ada de la generaci\u00f3n de mediados de los 70 hizo sus pinitos con un ordenador dom\u00e9stico Commodore Amiga 500 con el que se inici\u00f3 en el mundo del v\u00ed\u00addeo y audio digital. Vivi\u00f3 en primer plano el auge del PC e Internet que hizo de catalizador a la hora de incrementar sus conocimientos. No en vano se considera a s\u00ed\u00ad mismo como un autodidacta. La mejor manera de dominar una materia.<\/p>\n<p><a href=\"http:\/\/www.enezeta.com\/zapateces\/wp-content\/uploads\/2007\/10\/TGN_7461-copy.jpg\" rel=\"attachment wp-att-3183\"><img loading=\"lazy\" class=\"alignleft wp-image-3183 size-medium\" src=\"http:\/\/www.enezeta.com\/zapateces\/wp-content\/uploads\/2007\/10\/TGN_7461-copy-216x300.jpg\" alt=\"TGN_7461 copy\" width=\"216\" height=\"300\" srcset=\"https:\/\/www.enezeta.com\/zapateces\/wp-content\/uploads\/2007\/10\/TGN_7461-copy-216x300.jpg 216w, https:\/\/www.enezeta.com\/zapateces\/wp-content\/uploads\/2007\/10\/TGN_7461-copy.jpg 736w, https:\/\/www.enezeta.com\/zapateces\/wp-content\/uploads\/2007\/10\/TGN_7461-copy-180x250.jpg 180w, https:\/\/www.enezeta.com\/zapateces\/wp-content\/uploads\/2007\/10\/TGN_7461-copy-360x501.jpg 360w\" sizes=\"(max-width: 216px) 100vw, 216px\" \/><\/a><br \/>\nEn su paso por las dos citadas universidades &#8216;dej\u00f3 huella&#8217; con sus trabajos, y nada m\u00e1s acabar la carrera de Comunicaci\u00f3n Audiovisual empez\u00f3 a formar parte de la plantilla de DVDreams en el a\u00f1o 2002, una de las mayores empresas de \u00abmastering\u00bb de DVD de Europa. En DVDreams empez\u00f3 a desarrollar sus aptitudes de manera seria (s\u00f3lo lo consigui\u00f3 durante cinco minutos) y su principal aportaci\u00f3n fue la introducci\u00f3n del software de Composici\u00f3n Discreet Combustion a la cadena de producci\u00f3n. Ello permiti\u00f3 redise\u00f1ar el flujo de trabajo consiguiendo eliminar la cinta y haciendo todo el proceso enteramente digital.<\/p>\n<p>En 2005 con el \u00abboom\u00bb del formato DVD y viendo las posibilidades que ofrec\u00ed\u00ada Combustion la direcci\u00f3n de DVDreams, bajo una fuerte influencia psicotr\u00f3pica, le propone un cambio de funciones para ponerse delante de un departamento \u00ed\u00adntegramente creado solo para este software dentro de la empresa asociada Infinia; una de las mayores productoras audiovisuales en Espa\u00f1a. En Infinia dise\u00f1\u00f3 por completo un nuevo flujo de trabajo incluyendo la renderizaci\u00f3n distribu\u00edda en varios nodos y trayendo de cabeza al departamento t\u00e9cnico. El nuevo flujo permiti\u00f3 aumentar sensiblemente la producci\u00f3n disminuyendo el tiempo de ejecuci\u00f3n y permitiendo unas cifras de facturaci\u00f3n r\u00e9cord . La optimizaci\u00f3n de tiempo le permiti\u00f3 tambi\u00e9n hacerse cargo de montajes de audio y v\u00ed\u00addeo, compresiones multiformato con c\u00f3decs y contenedores diversos, reparaci\u00f3n de frames da\u00f1ados, etc. haciendo del departamento uno de los m\u00e1s multidisciplinares en materia audiovisual en Infinia. En otras palabras: hizo de todo cobrando lo de siempre. Eso s\u00ed.  Sus jefes muy contentos.<\/p>\n<p>En el a\u00f1o 2012 cambia sus horizontes al entrar en el departamento de Marketing de Zyncro, una empresa desarrolladora de software corporativo basado en la nube. Dentro de Zyncro se encuentra de nuevo con la posibilidad de dise\u00f1ar nuevas formas de trabajo audiovisual pero esta vez en el \u00e1mbito corporativo. A la vez se empapa de los conceptos y formas de trabajo propios del departamento de Marketing haciendo que en cuatro a\u00f1os se convierta en un especialista en el desarrollo de productos audiovisuales corporativos tales como animaciones explicativas, tutoriales, materiales de soporte de ventas, cobertura de eventos en directo via streaming con webex, profesionalizaci\u00f3n de los webinars y encuentros digitales, mantenimiento de los canales sociales de v\u00eddeo de la compa\u00f1\u00eda&#8230; En 2015 se hace cargo tambi\u00e9n del departamento de formaci\u00f3n lo cual a\u00f1adi\u00e9ndose a la experiencia audiovisual y corporativa hace que lleve al \u00e1mbito laboral su esp\u00edritu divulgativo.<\/p>\n","protected":false},"excerpt":{"rendered":"<p>Zapa es el nombre con el que se conoce al autor de este blog. Diplomado en Magisterio de Educaci\u00f3n Primaria por la Universidad de Barcelona y Licenciado en Comunicaci\u00f3n Audiovisual por la Universitat Pompeu Fabra, tiene pues sobradas dotes para la divulgaci\u00f3n del conocimiento tecnol\u00f3gico y audiovisual, que es su preferido. Su afici\u00f3n por la [&hellip;]<\/p>\n","protected":false},"author":2,"featured_media":3182,"parent":0,"menu_order":0,"comment_status":"open","ping_status":"open","template":"","meta":[],"_links":{"self":[{"href":"https:\/\/www.enezeta.com\/zapateces\/wp-json\/wp\/v2\/pages\/132"}],"collection":[{"href":"https:\/\/www.enezeta.com\/zapateces\/wp-json\/wp\/v2\/pages"}],"about":[{"href":"https:\/\/www.enezeta.com\/zapateces\/wp-json\/wp\/v2\/types\/page"}],"author":[{"embeddable":true,"href":"https:\/\/www.enezeta.com\/zapateces\/wp-json\/wp\/v2\/users\/2"}],"replies":[{"embeddable":true,"href":"https:\/\/www.enezeta.com\/zapateces\/wp-json\/wp\/v2\/comments?post=132"}],"version-history":[{"count":3,"href":"https:\/\/www.enezeta.com\/zapateces\/wp-json\/wp\/v2\/pages\/132\/revisions"}],"predecessor-version":[{"id":3184,"href":"https:\/\/www.enezeta.com\/zapateces\/wp-json\/wp\/v2\/pages\/132\/revisions\/3184"}],"wp:featuredmedia":[{"embeddable":true,"href":"https:\/\/www.enezeta.com\/zapateces\/wp-json\/wp\/v2\/media\/3182"}],"wp:attachment":[{"href":"https:\/\/www.enezeta.com\/zapateces\/wp-json\/wp\/v2\/media?parent=132"}],"curies":[{"name":"wp","href":"https:\/\/api.w.org\/{rel}","templated":true}]}}