{"id":2067,"date":"2012-02-09T19:01:49","date_gmt":"2012-02-09T17:01:49","guid":{"rendered":"http:\/\/www.enezeta.com\/zapateces\/?page_id=2067"},"modified":"2016-04-21T13:13:12","modified_gmt":"2016-04-21T11:13:12","slug":"compromiso-de-confianza-con-el-lector","status":"publish","type":"page","link":"https:\/\/www.enezeta.com\/zapateces\/compromiso-de-confianza-con-el-lector\/","title":{"rendered":"Compromiso de Confianza con el Lector"},"content":{"rendered":"<p>Apreciado Lector:<\/p>\n<p>Desde el a\u00f1o 2004, fecha en la que se inaugur\u00f3 este Blog, hemos mantenido el sitio siempre con la idea de ofrecer y compartir informaci\u00f3n siempre de forma desinteresada, con el \u00fanico fin de que esta informaci\u00f3n sea de utilidad al lector y si es posible, que este la retransmita a su vez a quien la necesite.<\/p>\n<p>Sin embargo todo este esfuerzo implica tambi\u00e9n unos costes de mantenimiento de hospedaje del blog, mantenimiento de dominio, de la base de datos&#8230; conceptos que se sufragan directamente de nuestros bolsillos sin pedir nada a cambio. Esto ha sido as\u00ed y seguir\u00e1 siendo as\u00ed SIEMPRE.<\/p>\n<p>Si deseas no obstante participar en esos costes, tienes la oportunidad de hacerlo mediante una donaci\u00f3n. Al efectuar una donaci\u00f3n nosotros nos comprometemos a una serie de objetivos que te detallamos a continuaci\u00f3n en la siguiente lista.<\/p>\n<h1>Nos comprometemos a<\/h1>\n\n<ul class=\"styled_list\">\n<li><span class=\"theme-icon-check\" style=\"color:#81d742\"><\/span> Usar \u00edntegramente los importes de las donaciones para sufragar los gastos de mantenimiento del sitio web y a ser posible, mejorar sus funcionalidades<\/li>\n<li><span class=\"theme-icon-check\" style=\"color:#81d742\"><\/span> No incluir publicidad en el sitio web<\/li>\n<li><span class=\"theme-icon-check\" style=\"color:#81d742\"><\/span> No usar las donaciones para fines personales<\/li>\n<li><span class=\"theme-icon-check\" style=\"color:#81d742\"><\/span> No permitir injerencias de terceros sobre los an\u00e1lisis efectuados en el Blog<\/li>\n<li><span class=\"theme-icon-check\" style=\"color:#81d742\"><\/span> Sortear los gadgets que se adquieran sobre los que se han efectuado los an\u00e1lisis.<\/li>\n<\/ul>\n\n<p>La donaci\u00f3n se efect\u00faa usando la plataforma Paypal. Si no deseas usar Paypal o no tienes cuenta de Paypal puedes usar tu tarjeta de cr\u00e9dito. Para ello has de hacer click igualmente en el bot\u00f3n \u00abDonar\u00bb y desplazarte a la parte baja de la p\u00e1gina de donaciones de Paypal donde se te ofrece la opci\u00f3n de pago con tarjeta sin cuenta Paypal.<\/p>\n<p>En cualquier caso aqu\u00ed siempre ser\u00e1s bienvenido y esperamos que la informaci\u00f3n y conocimiento que adquieras te sea \u00fatil a ti y a quienes te pidan opini\u00f3n.<\/p>\n<p>Un afectuoso saludo \ud83d\ude42<\/p>\n<p>&nbsp;<\/p>\n<form action=\"https:\/\/www.paypal.com\/cgi-bin\/webscr\" method=\"post\"><input name=\"cmd\" type=\"hidden\" value=\"_s-xclick\" \/><br \/>\n<input name=\"hosted_button_id\" type=\"hidden\" value=\"MSFKRFTYJ5GJS\" \/><br \/>\n<input alt=\"PayPal. La forma r\u00e1pida y segura de pagar en Internet.\" name=\"submit\" src=\"https:\/\/www.paypalobjects.com\/es_ES\/ES\/i\/btn\/btn_donateCC_LG.gif\" type=\"image\" \/><br \/>\n<img loading=\"lazy\" src=\"https:\/\/www.paypalobjects.com\/es_ES\/i\/scr\/pixel.gif\" alt=\"\" width=\"1\" height=\"1\" border=\"0\" \/><\/form>\n<p>&nbsp;<\/p>\n","protected":false},"excerpt":{"rendered":"<p>Apreciado Lector: Desde el a\u00f1o 2004, fecha en la que se inaugur\u00f3 este Blog, hemos mantenido el sitio siempre con la idea de ofrecer y compartir informaci\u00f3n siempre de forma desinteresada, con el \u00fanico fin de que esta informaci\u00f3n sea de utilidad al lector y si es posible, que este la retransmita a su vez [&hellip;]<\/p>\n","protected":false},"author":2,"featured_media":0,"parent":0,"menu_order":0,"comment_status":"open","ping_status":"open","template":"","meta":[],"_links":{"self":[{"href":"https:\/\/www.enezeta.com\/zapateces\/wp-json\/wp\/v2\/pages\/2067"}],"collection":[{"href":"https:\/\/www.enezeta.com\/zapateces\/wp-json\/wp\/v2\/pages"}],"about":[{"href":"https:\/\/www.enezeta.com\/zapateces\/wp-json\/wp\/v2\/types\/page"}],"author":[{"embeddable":true,"href":"https:\/\/www.enezeta.com\/zapateces\/wp-json\/wp\/v2\/users\/2"}],"replies":[{"embeddable":true,"href":"https:\/\/www.enezeta.com\/zapateces\/wp-json\/wp\/v2\/comments?post=2067"}],"version-history":[{"count":2,"href":"https:\/\/www.enezeta.com\/zapateces\/wp-json\/wp\/v2\/pages\/2067\/revisions"}],"predecessor-version":[{"id":3098,"href":"https:\/\/www.enezeta.com\/zapateces\/wp-json\/wp\/v2\/pages\/2067\/revisions\/3098"}],"wp:attachment":[{"href":"https:\/\/www.enezeta.com\/zapateces\/wp-json\/wp\/v2\/media?parent=2067"}],"curies":[{"name":"wp","href":"https:\/\/api.w.org\/{rel}","templated":true}]}}